{"id":2767,"date":"2025-09-11T18:44:01","date_gmt":"2025-09-11T17:44:01","guid":{"rendered":"https:\/\/koree.africa\/?page_id=2767"},"modified":"2025-09-11T18:44:01","modified_gmt":"2025-09-11T17:44:01","slug":"devenir-commercant","status":"publish","type":"page","link":"https:\/\/koree.africa\/en\/devenir-commercant\/","title":{"rendered":"Devenir commercant"},"content":{"rendered":"<div data-elementor-type=\"wp-page\" data-elementor-id=\"2767\" class=\"elementor elementor-2767\" data-elementor-post-type=\"page\">\n\t\t\t\t\t\t<section data-particle_enable=\"false\" data-particle-mobile-disabled=\"false true\" class=\"elementor-section elementor-top-section elementor-element elementor-element-78b6ccd elementor-section-full_width elementor-section-height-default elementor-section-height-default\" data-id=\"78b6ccd\" data-element_type=\"section\" data-settings=\"{&quot;background_background&quot;:&quot;classic&quot;}\">\n\t\t\t\t\t\t\t<div class=\"elementor-background-overlay\"><\/div>\n\t\t\t\t\t\t\t<div class=\"elementor-container elementor-column-gap-default\">\n\t\t\t\t\t<div class=\"elementor-column elementor-col-100 elementor-top-column elementor-element elementor-element-e8486fb\" data-id=\"e8486fb\" data-element_type=\"column\" data-settings=\"{&quot;background_background&quot;:&quot;classic&quot;}\">\n\t\t\t<div class=\"elementor-widget-wrap elementor-element-populated\">\n\t\t\t\t\t\t<div class=\"elementor-element elementor-element-8f8d9c9 elementor-widget elementor-widget-heading\" data-id=\"8f8d9c9\" data-element_type=\"widget\" data-widget_type=\"heading.default\">\n\t\t\t\t<div class=\"elementor-widget-container\">\n\t\t\t\t\t<h2 class=\"elementor-heading-title elementor-size-default\">Partner with Koree<\/h2>\t\t\t\t<\/div>\n\t\t\t\t<\/div>\n\t\t\t\t<div class=\"elementor-element elementor-element-2fad157 elementor-widget elementor-widget-text-editor\" data-id=\"2fad157\" data-element_type=\"widget\" data-widget_type=\"text-editor.default\">\n\t\t\t\t<div class=\"elementor-widget-container\">\n\t\t\t\t\t\t\t\t\t<p>Votre compte Koree Pro cr\u00e9\u00e9 en 2 mins! Augmentez votre chiffre d&#8217;affaire gr\u00e2ce \u00e0 une simple application!<\/p>\t\t\t\t\t\t\t\t<\/div>\n\t\t\t\t<\/div>\n\t\t\t\t\t<\/div>\n\t\t<\/div>\n\t\t\t\t\t<\/div>\n\t\t<\/section>\n\t\t\t\t<section data-particle_enable=\"false\" data-particle-mobile-disabled=\"false\" class=\"elementor-section elementor-top-section elementor-element elementor-element-e0aa69d elementor-section-full_width elementor-section-height-default elementor-section-height-default\" data-id=\"e0aa69d\" data-element_type=\"section\">\n\t\t\t\t\t\t<div class=\"elementor-container elementor-column-gap-default\">\n\t\t\t\t\t<div class=\"elementor-column elementor-col-100 elementor-top-column elementor-element elementor-element-820c6e8\" data-id=\"820c6e8\" data-element_type=\"column\">\n\t\t\t<div class=\"elementor-widget-wrap elementor-element-populated\">\n\t\t\t\t\t\t<div class=\"elementor-element elementor-element-84ff29d elementor-widget elementor-widget-text-editor\" data-id=\"84ff29d\" data-element_type=\"widget\" data-widget_type=\"text-editor.default\">\n\t\t\t\t<div class=\"elementor-widget-container\">\n\t\t\t\t\t\t\t\t\t<p>Pourquoi devenir partenaire <span style=\"color: #be9e55;\">Koree ?<\/span><\/p>\t\t\t\t\t\t\t\t<\/div>\n\t\t\t\t<\/div>\n\t\t\t\t<section data-particle_enable=\"false\" data-particle-mobile-disabled=\"false\" class=\"elementor-section elementor-inner-section elementor-element elementor-element-a4dcb5b elementor-section-boxed elementor-section-height-default elementor-section-height-default\" data-id=\"a4dcb5b\" data-element_type=\"section\">\n\t\t\t\t\t\t<div class=\"elementor-container elementor-column-gap-default\">\n\t\t\t\t\t<div class=\"elementor-column elementor-col-33 elementor-inner-column elementor-element elementor-element-b523dd6\" data-id=\"b523dd6\" data-element_type=\"column\">\n\t\t\t<div class=\"elementor-widget-wrap elementor-element-populated\">\n\t\t\t\t\t\t<div class=\"elementor-element elementor-element-fc53294 elementor-widget elementor-widget-image\" data-id=\"fc53294\" data-element_type=\"widget\" data-widget_type=\"image.default\">\n\t\t\t\t<div class=\"elementor-widget-container\">\n\t\t\t\t\t\t\t\t\t\t\t\t\t\t\t<img decoding=\"async\" width=\"128\" height=\"128\" src=\"https:\/\/koree.africa\/wp-content\/uploads\/2025\/09\/high-visibility.png\" class=\"attachment-large size-large wp-image-2778\" alt=\"\" srcset=\"https:\/\/koree.africa\/wp-content\/uploads\/2025\/09\/high-visibility.png 128w, https:\/\/koree.africa\/wp-content\/uploads\/2025\/09\/high-visibility-12x12.png 12w\" sizes=\"(max-width: 128px) 100vw, 128px\" \/>\t\t\t\t\t\t\t\t\t\t\t\t\t\t\t<\/div>\n\t\t\t\t<\/div>\n\t\t\t\t<div class=\"elementor-element elementor-element-91fcd3c elementor-widget elementor-widget-text-editor\" data-id=\"91fcd3c\" data-element_type=\"widget\" data-widget_type=\"text-editor.default\">\n\t\t\t\t<div class=\"elementor-widget-container\">\n\t\t\t\t\t\t\t\t\t<p>Am\u00e9liorez votre visibilit\u00e9<\/p>\t\t\t\t\t\t\t\t<\/div>\n\t\t\t\t<\/div>\n\t\t\t\t<div class=\"elementor-element elementor-element-428b1c7 elementor-widget elementor-widget-text-editor\" data-id=\"428b1c7\" data-element_type=\"widget\" data-widget_type=\"text-editor.default\">\n\t\t\t\t<div class=\"elementor-widget-container\">\n\t\t\t\t\t\t\t\t\t<p>D\u00e9marquez-vous avec le marketing in-app pour atteindre encore plus de clients et augmenter les ventes.<\/p>\t\t\t\t\t\t\t\t<\/div>\n\t\t\t\t<\/div>\n\t\t\t\t\t<\/div>\n\t\t<\/div>\n\t\t\t\t<div class=\"elementor-column elementor-col-33 elementor-inner-column elementor-element elementor-element-753130a\" data-id=\"753130a\" data-element_type=\"column\">\n\t\t\t<div class=\"elementor-widget-wrap elementor-element-populated\">\n\t\t\t\t\t\t<div class=\"elementor-element elementor-element-caa0f43 elementor-widget elementor-widget-image\" data-id=\"caa0f43\" data-element_type=\"widget\" data-widget_type=\"image.default\">\n\t\t\t\t<div class=\"elementor-widget-container\">\n\t\t\t\t\t\t\t\t\t\t\t\t\t\t\t<img decoding=\"async\" width=\"128\" height=\"128\" src=\"https:\/\/koree.africa\/wp-content\/uploads\/2025\/09\/customer.png\" class=\"attachment-large size-large wp-image-2780\" alt=\"\" srcset=\"https:\/\/koree.africa\/wp-content\/uploads\/2025\/09\/customer.png 128w, https:\/\/koree.africa\/wp-content\/uploads\/2025\/09\/customer-12x12.png 12w\" sizes=\"(max-width: 128px) 100vw, 128px\" \/>\t\t\t\t\t\t\t\t\t\t\t\t\t\t\t<\/div>\n\t\t\t\t<\/div>\n\t\t\t\t<div class=\"elementor-element elementor-element-f91c1e8 elementor-widget elementor-widget-text-editor\" data-id=\"f91c1e8\" data-element_type=\"widget\" data-widget_type=\"text-editor.default\">\n\t\t\t\t<div class=\"elementor-widget-container\">\n\t\t\t\t\t\t\t\t\t<p>Se rapprocher des clients<\/p>\t\t\t\t\t\t\t\t<\/div>\n\t\t\t\t<\/div>\n\t\t\t\t<div class=\"elementor-element elementor-element-7474448 elementor-widget elementor-widget-text-editor\" data-id=\"7474448\" data-element_type=\"widget\" data-widget_type=\"text-editor.default\">\n\t\t\t\t<div class=\"elementor-widget-container\">\n\t\t\t\t\t\t\t\t\t<p>Transformez vos clients en habitu\u00e9s gr\u00e2ce \u00e0 des donn\u00e9es exploitables, r\u00e9pondez aux commentaires ou proposez un programme de fid\u00e9lisation.<\/p>\t\t\t\t\t\t\t\t<\/div>\n\t\t\t\t<\/div>\n\t\t\t\t\t<\/div>\n\t\t<\/div>\n\t\t\t\t<div class=\"elementor-column elementor-col-33 elementor-inner-column elementor-element elementor-element-8c346c6\" data-id=\"8c346c6\" data-element_type=\"column\">\n\t\t\t<div class=\"elementor-widget-wrap elementor-element-populated\">\n\t\t\t\t\t\t<div class=\"elementor-element elementor-element-d385fd6 elementor-widget__width-initial elementor-widget elementor-widget-image\" data-id=\"d385fd6\" data-element_type=\"widget\" data-widget_type=\"image.default\">\n\t\t\t\t<div class=\"elementor-widget-container\">\n\t\t\t\t\t\t\t\t\t\t\t\t\t\t\t<img decoding=\"async\" width=\"150\" height=\"150\" src=\"https:\/\/koree.africa\/wp-content\/uploads\/2025\/09\/rapport-150x150.png\" class=\"attachment-thumbnail size-thumbnail wp-image-2779\" alt=\"\" srcset=\"https:\/\/koree.africa\/wp-content\/uploads\/2025\/09\/rapport-150x150.png 150w, https:\/\/koree.africa\/wp-content\/uploads\/2025\/09\/rapport-300x300.png 300w, https:\/\/koree.africa\/wp-content\/uploads\/2025\/09\/rapport-12x12.png 12w, https:\/\/koree.africa\/wp-content\/uploads\/2025\/09\/rapport.png 512w\" sizes=\"(max-width: 150px) 100vw, 150px\" \/>\t\t\t\t\t\t\t\t\t\t\t\t\t\t\t<\/div>\n\t\t\t\t<\/div>\n\t\t\t\t<div class=\"elementor-element elementor-element-f96fbd4 elementor-widget elementor-widget-text-editor\" data-id=\"f96fbd4\" data-element_type=\"widget\" data-widget_type=\"text-editor.default\">\n\t\t\t\t<div class=\"elementor-widget-container\">\n\t\t\t\t\t\t\t\t\t<p>Daily reports<\/p>\t\t\t\t\t\t\t\t<\/div>\n\t\t\t\t<\/div>\n\t\t\t\t<div class=\"elementor-element elementor-element-8cff8b4 elementor-widget elementor-widget-text-editor\" data-id=\"8cff8b4\" data-element_type=\"widget\" data-widget_type=\"text-editor.default\">\n\t\t\t\t<div class=\"elementor-widget-container\">\n\t\t\t\t\t\t\t\t\t<p>Rapports clairs, nets et pr\u00e9cis, directement dans l\u2019application Koree Pro vous permettront de mener des actions marketing pour augmenter votre chiffre d\u2019affaire.<\/p>\t\t\t\t\t\t\t\t<\/div>\n\t\t\t\t<\/div>\n\t\t\t\t\t<\/div>\n\t\t<\/div>\n\t\t\t\t\t<\/div>\n\t\t<\/section>\n\t\t\t\t\t<\/div>\n\t\t<\/div>\n\t\t\t\t\t<\/div>\n\t\t<\/section>\n\t\t\t\t<\/div>","protected":false},"excerpt":{"rendered":"<p>Devenir commer\u00e7ant Votre compte Koree Pro cr\u00e9\u00e9 en 2 mins! Augmentez votre chiffre d&#8217;affaire gr\u00e2ce \u00e0 une simple application! Pourquoi devenir partenaire Koree ? Am\u00e9liorez votre visibilit\u00e9 D\u00e9marquez-vous avec le marketing in-app pour atteindre encore plus de clients et augmenter les ventes. Se rapprocher des clients Transformez vos clients en habitu\u00e9s gr\u00e2ce \u00e0 des donn\u00e9es [&hellip;]<\/p>","protected":false},"author":2,"featured_media":0,"parent":0,"menu_order":0,"comment_status":"closed","ping_status":"closed","template":"","meta":{"inline_featured_image":false,"footnotes":""},"class_list":["post-2767","page","type-page","status-publish","hentry"],"aioseo_notices":[],"_links":{"self":[{"href":"https:\/\/koree.africa\/en\/wp-json\/wp\/v2\/pages\/2767","targetHints":{"allow":["GET"]}}],"collection":[{"href":"https:\/\/koree.africa\/en\/wp-json\/wp\/v2\/pages"}],"about":[{"href":"https:\/\/koree.africa\/en\/wp-json\/wp\/v2\/types\/page"}],"author":[{"embeddable":true,"href":"https:\/\/koree.africa\/en\/wp-json\/wp\/v2\/users\/2"}],"replies":[{"embeddable":true,"href":"https:\/\/koree.africa\/en\/wp-json\/wp\/v2\/comments?post=2767"}],"version-history":[{"count":0,"href":"https:\/\/koree.africa\/en\/wp-json\/wp\/v2\/pages\/2767\/revisions"}],"wp:attachment":[{"href":"https:\/\/koree.africa\/en\/wp-json\/wp\/v2\/media?parent=2767"}],"curies":[{"name":"wp","href":"https:\/\/api.w.org\/{rel}","templated":true}]}}