{"id":247,"date":"2022-10-30T17:04:42","date_gmt":"2022-10-30T17:04:42","guid":{"rendered":"https:\/\/koree.africa\/?page_id=247"},"modified":"2022-10-30T17:04:42","modified_gmt":"2022-10-30T17:04:42","slug":"mentions-legales","status":"publish","type":"page","link":"https:\/\/koree.africa\/en\/mentions-legales\/","title":{"rendered":"Legal Notice"},"content":{"rendered":"<div data-elementor-type=\"wp-page\" data-elementor-id=\"247\" class=\"elementor elementor-247\" data-elementor-post-type=\"page\">\n\t\t\t\t\t\t<section data-particle_enable=\"false\" data-particle-mobile-disabled=\"false\" class=\"elementor-section elementor-top-section elementor-element elementor-element-644fb56 elementor-section-boxed elementor-section-height-default elementor-section-height-default\" data-id=\"644fb56\" data-element_type=\"section\">\n\t\t\t\t\t\t<div class=\"elementor-container elementor-column-gap-default\">\n\t\t\t\t\t<div class=\"elementor-column elementor-col-100 elementor-top-column elementor-element elementor-element-3755c8d\" data-id=\"3755c8d\" data-element_type=\"column\">\n\t\t\t<div class=\"elementor-widget-wrap elementor-element-populated\">\n\t\t\t\t\t\t<div class=\"elementor-element elementor-element-08cf11b elementor-absolute elementor-hidden-tablet elementor-hidden-mobile elementor-widget elementor-widget-image\" data-id=\"08cf11b\" data-element_type=\"widget\" data-settings=\"{&quot;_position&quot;:&quot;absolute&quot;}\" data-widget_type=\"image.default\">\n\t\t\t\t<div class=\"elementor-widget-container\">\n\t\t\t\t\t\t\t\t\t\t\t\t\t\t\t<img fetchpriority=\"high\" decoding=\"async\" width=\"1280\" height=\"1280\" src=\"https:\/\/koree.africa\/wp-content\/uploads\/2022\/12\/gradlight.svg\" class=\"attachment-full size-full wp-image-1018\" alt=\"\" \/>\t\t\t\t\t\t\t\t\t\t\t\t\t\t\t<\/div>\n\t\t\t\t<\/div>\n\t\t\t\t<div class=\"elementor-element elementor-element-a8bd236 elementor-absolute elementor-hidden-tablet elementor-hidden-mobile elementor-widget elementor-widget-image\" data-id=\"a8bd236\" data-element_type=\"widget\" data-settings=\"{&quot;_position&quot;:&quot;absolute&quot;}\" data-widget_type=\"image.default\">\n\t\t\t\t<div class=\"elementor-widget-container\">\n\t\t\t\t\t\t\t\t\t\t\t\t\t\t\t<img decoding=\"async\" width=\"1280\" height=\"1280\" src=\"https:\/\/koree.africa\/wp-content\/uploads\/2022\/12\/graddark.svg\" class=\"attachment-full size-full wp-image-1017\" alt=\"\" \/>\t\t\t\t\t\t\t\t\t\t\t\t\t\t\t<\/div>\n\t\t\t\t<\/div>\n\t\t\t\t<div class=\"elementor-element elementor-element-d18b326 elementor-widget elementor-widget-text-editor\" data-id=\"d18b326\" data-element_type=\"widget\" data-widget_type=\"text-editor.default\">\n\t\t\t\t<div class=\"elementor-widget-container\">\n\t\t\t\t\t\t\t\t\t<div class=\"elementor-element elementor-element-0ffeb0d elementor-widget elementor-widget-text-editor\" data-id=\"0ffeb0d\" data-element_type=\"widget\" data-widget_type=\"text-editor.default\"><div class=\"elementor-widget-container\"><div class=\"elementor-element elementor-element-e080b30 elementor-widget elementor-widget-heading\" data-id=\"e080b30\" data-element_type=\"widget\" data-widget_type=\"heading.default\"><div class=\"elementor-widget-container\"><h4>EDITEUR<\/h4><\/div><\/div><div class=\"elementor-element elementor-element-d9ce908 elementor-widget elementor-widget-text-editor\" data-id=\"d9ce908\" data-element_type=\"widget\" data-widget_type=\"text-editor.default\"><div class=\"elementor-widget-container\"><p>Les applications mobiles Koree Client &amp; Koree Vendeur ainsi que le site internet\u00a0<a href=\"https:\/\/koree.africa\/en\/\" target=\"_blank\" rel=\"noopener\">https:\/\/koree.africa<\/a>\u00a0sont \u00e9dit\u00e9s par KOREE CAMEROUN SARL, soci\u00e9t\u00e9 \u00e0 responsabilit\u00e9 limit\u00e9e enregistr\u00e9e au registre de commerce et du cr\u00e9dit mobilier N\u00b0 : RC\/DLA\/2022\/B\/3084<\/p><p>Courriel :\u00a0<a href=\"mailto:contact@koree.africa\" target=\"_blank\" rel=\"noopener\">contact@koree.africa<\/a><\/p><\/div><\/div><div class=\"elementor-element elementor-element-9dbe5c9 elementor-widget elementor-widget-heading\" data-id=\"9dbe5c9\" data-element_type=\"widget\" data-widget_type=\"heading.default\"><div class=\"elementor-widget-container\"><h4>HEBERGEUR<\/h4><\/div><\/div><div class=\"elementor-element elementor-element-4961db4 elementor-widget elementor-widget-text-editor\" data-id=\"4961db4\" data-element_type=\"widget\" data-widget_type=\"text-editor.default\"><div class=\"elementor-widget-container\"><p>Le site KOREE est h\u00e9berg\u00e9 par la soci\u00e9t\u00e9 Alphabet, Inc dont le si\u00e8ge social se situe au Googleplex, <strong>1600 Amphitheater Parkway, Mountain View, CA 94043, USA.<\/strong><\/p><\/div><\/div><div class=\"elementor-element elementor-element-08310cb elementor-widget elementor-widget-heading\" data-id=\"08310cb\" data-element_type=\"widget\" data-widget_type=\"heading.default\"><div class=\"elementor-widget-container\"><h4>PROPRI\u00c9T\u00c9 INTELLECTUELLE<\/h4><\/div><\/div><div class=\"elementor-element elementor-element-fab6325 elementor-widget elementor-widget-text-editor\" data-id=\"fab6325\" data-element_type=\"widget\" data-widget_type=\"text-editor.default\"><div class=\"elementor-widget-container\"><p>La structure g\u00e9n\u00e9rale du site KOREE CAMEROUN SARL, ainsi que les textes, graphiques, images, sons et vid\u00e9os la composant, sont la propri\u00e9t\u00e9 de la soci\u00e9t\u00e9 KOREE CAMEROUN SARL. Toute repr\u00e9sentation et\/ou reproduction et\/ou exploitation partielle ou totale de ce site, par quelque proc\u00e9d\u00e9 que ce soit, sans l\u2019autorisation pr\u00e9alable et par \u00e9crit de la soci\u00e9t\u00e9 KOREE CAMEROUN SARL est strictement interdite et serait susceptible de constituer une contrefa\u00e7on au sens du code de la propri\u00e9t\u00e9 intellectuelle.<\/p><p><strong>Date de derni\u00e8re modification : 2022<\/strong><\/p><\/div><\/div><\/div><\/div>\t\t\t\t\t\t\t\t<\/div>\n\t\t\t\t<\/div>\n\t\t\t\t\t<\/div>\n\t\t<\/div>\n\t\t\t\t\t<\/div>\n\t\t<\/section>\n\t\t\t\t<\/div>","protected":false},"excerpt":{"rendered":"<p>EDITEUR Les applications mobiles Koree Client &amp; Koree Vendeur ainsi que le site internet\u00a0https:\/\/koree.africa\u00a0sont \u00e9dit\u00e9s par KOREE CAMEROUN SARL, soci\u00e9t\u00e9 \u00e0 responsabilit\u00e9 limit\u00e9e enregistr\u00e9e au registre de commerce et du cr\u00e9dit mobilier N\u00b0 : RC\/DLA\/2022\/B\/3084 Courriel :\u00a0contact@koree.africa HEBERGEUR Le site KOREE est h\u00e9berg\u00e9 par la soci\u00e9t\u00e9 Alphabet, Inc dont le si\u00e8ge social se situe au [&hellip;]<\/p>","protected":false},"author":2,"featured_media":0,"parent":0,"menu_order":0,"comment_status":"closed","ping_status":"closed","template":"","meta":{"inline_featured_image":false,"footnotes":""},"class_list":["post-247","page","type-page","status-publish","hentry"],"aioseo_notices":[],"_links":{"self":[{"href":"https:\/\/koree.africa\/en\/wp-json\/wp\/v2\/pages\/247","targetHints":{"allow":["GET"]}}],"collection":[{"href":"https:\/\/koree.africa\/en\/wp-json\/wp\/v2\/pages"}],"about":[{"href":"https:\/\/koree.africa\/en\/wp-json\/wp\/v2\/types\/page"}],"author":[{"embeddable":true,"href":"https:\/\/koree.africa\/en\/wp-json\/wp\/v2\/users\/2"}],"replies":[{"embeddable":true,"href":"https:\/\/koree.africa\/en\/wp-json\/wp\/v2\/comments?post=247"}],"version-history":[{"count":0,"href":"https:\/\/koree.africa\/en\/wp-json\/wp\/v2\/pages\/247\/revisions"}],"wp:attachment":[{"href":"https:\/\/koree.africa\/en\/wp-json\/wp\/v2\/media?parent=247"}],"curies":[{"name":"wp","href":"https:\/\/api.w.org\/{rel}","templated":true}]}}