{"id":242,"date":"2022-10-30T17:02:06","date_gmt":"2022-10-30T17:02:06","guid":{"rendered":"https:\/\/koree.africa\/?page_id=242"},"modified":"2022-10-30T17:02:06","modified_gmt":"2022-10-30T17:02:06","slug":"politique-de-confidentialite","status":"publish","type":"page","link":"https:\/\/koree.africa\/en\/politique-de-confidentialite\/","title":{"rendered":"Privacy Policy"},"content":{"rendered":"<div data-elementor-type=\"wp-page\" data-elementor-id=\"242\" class=\"elementor elementor-242\" data-elementor-post-type=\"page\">\n\t\t\t\t\t\t<section data-particle_enable=\"false\" data-particle-mobile-disabled=\"false\" class=\"elementor-section elementor-top-section elementor-element elementor-element-4149b90 elementor-section-boxed elementor-section-height-default elementor-section-height-default\" data-id=\"4149b90\" data-element_type=\"section\">\n\t\t\t\t\t\t<div class=\"elementor-container elementor-column-gap-default\">\n\t\t\t\t\t<div class=\"elementor-column elementor-col-100 elementor-top-column elementor-element elementor-element-2627b1f\" data-id=\"2627b1f\" data-element_type=\"column\">\n\t\t\t<div class=\"elementor-widget-wrap elementor-element-populated\">\n\t\t\t\t\t\t<div class=\"elementor-element elementor-element-e53fae2 elementor-absolute elementor-hidden-tablet elementor-hidden-mobile elementor-widget elementor-widget-image\" data-id=\"e53fae2\" data-element_type=\"widget\" data-settings=\"{&quot;_position&quot;:&quot;absolute&quot;}\" data-widget_type=\"image.default\">\n\t\t\t\t<div class=\"elementor-widget-container\">\n\t\t\t\t\t\t\t\t\t\t\t\t\t\t\t<img fetchpriority=\"high\" decoding=\"async\" width=\"1280\" height=\"1280\" src=\"https:\/\/koree.africa\/wp-content\/uploads\/2022\/12\/gradlight.svg\" class=\"attachment-full size-full wp-image-1018\" alt=\"\" \/>\t\t\t\t\t\t\t\t\t\t\t\t\t\t\t<\/div>\n\t\t\t\t<\/div>\n\t\t\t\t<div class=\"elementor-element elementor-element-05ed67b elementor-absolute elementor-hidden-tablet elementor-hidden-mobile elementor-widget elementor-widget-image\" data-id=\"05ed67b\" data-element_type=\"widget\" data-settings=\"{&quot;_position&quot;:&quot;absolute&quot;}\" data-widget_type=\"image.default\">\n\t\t\t\t<div class=\"elementor-widget-container\">\n\t\t\t\t\t\t\t\t\t\t\t\t\t\t\t<img decoding=\"async\" width=\"1280\" height=\"1280\" src=\"https:\/\/koree.africa\/wp-content\/uploads\/2022\/12\/graddark.svg\" class=\"attachment-full size-full wp-image-1017\" alt=\"\" \/>\t\t\t\t\t\t\t\t\t\t\t\t\t\t\t<\/div>\n\t\t\t\t<\/div>\n\t\t\t\t<div class=\"elementor-element elementor-element-bc1c4d2 elementor-widget elementor-widget-text-editor\" data-id=\"bc1c4d2\" data-element_type=\"widget\" data-widget_type=\"text-editor.default\">\n\t\t\t\t<div class=\"elementor-widget-container\">\n\t\t\t\t\t\t\t\t\t<div class=\"elementor-element elementor-element-0ffeb0d elementor-widget elementor-widget-text-editor\" data-id=\"0ffeb0d\" data-element_type=\"widget\" data-widget_type=\"text-editor.default\"><div class=\"elementor-widget-container\"><div class=\"elementor-element elementor-element-655e90b elementor-widget elementor-widget-text-editor\" data-id=\"655e90b\" data-element_type=\"widget\" data-widget_type=\"text-editor.default\"><div class=\"elementor-widget-container\"><p>L\u2019application KOREE est un service est fourni par KOREE CAMEROUN SARL et est destin\u00e9 \u00e0 \u00eatre utilis\u00e9 tel quel. Cette page est utilis\u00e9e pour informer les visiteurs et les utilisateurs de nos politiques en mati\u00e8re de collecte, d\u2019utilisation et de divulgation des donn\u00e9es personnelles. En choisissant d\u2019utiliser notre service, vous acceptez la collecte, le stockage et l\u2019utilisation des donn\u00e9es en relation avec cette politique. Les donn\u00e9es personnelles que nous recueillons sont utilis\u00e9es uniquement pour fournir et am\u00e9liorer le service. Nous n\u2019utiliserons ni ne partagerons vos donn\u00e9es avec quiconque, sauf dans les<br \/>cas d\u00e9crits dans la pr\u00e9sente politique de confidentialit\u00e9.<\/p><\/div><\/div><div class=\"elementor-element elementor-element-fb64177 elementor-widget elementor-widget-heading\" data-id=\"fb64177\" data-element_type=\"widget\" data-widget_type=\"heading.default\"><div class=\"elementor-widget-container\"><h4>QUELLES DONN\u00c9ES PERSONNELLES SONT TRAIT\u00c9ES PAR KOREE?<\/h4><\/div><\/div><div class=\"elementor-element elementor-element-f1cbf69 elementor-widget elementor-widget-text-editor\" data-id=\"f1cbf69\" data-element_type=\"widget\" data-widget_type=\"text-editor.default\"><div class=\"elementor-widget-container\"><p>Pour une meilleure exp\u00e9rience, lors de l\u2019utilisation de notre Service, nous pouvons vous demander de nous fournir certaines donn\u00e9es personnelles telles que votre nom, num\u00e9ro de t\u00e9l\u00e9phone, votre date de naissance, adresse postale, horaires d\u2019ouverture de boutique, adresse email et mot de passe. Sans s\u2019y limiter, nous pouvons \u00e9galement demander l\u2019acc\u00e8s \u00e0 votre cam\u00e9ra, \u00e0 votre empreinte digitale, \u00e0 votre r\u00e9pertoire et \u00e0 votre g\u00e9olocalisation. Vous pouvez modifier ces donn\u00e9es personnelles \u00e0 tout moment ou ajouter des donn\u00e9es suppl\u00e9mentaires dans les param\u00e8tres du compte dans l\u2019application mobile KOREE client.<\/p><p>En choisissant d\u2019utiliser nos applications vous pouvez choisir de nous donner acc\u00e8s aux donn\u00e9es suivantes:<\/p><p>\u25cf\u00a0<strong>G\u00e9olocalisation.<\/strong>\u00a0Nous pouvons demander l\u2019acc\u00e8s ou l\u2019autorisation de recevoir les donn\u00e9es de g\u00e9olocalisation de votre t\u00e9l\u00e9phone mobile, soit en continu ou soit uniquement pendant que vous utilisez nos applications mobiles, pour vous fournir certains services bas\u00e9s sur la localisation .<br \/>Si vous souhaitez changer les autorisations que vous nous donnez, vous pouvez le faire directement dans les param\u00e8tres de votre smartphone.<\/p><p>\u25cf<strong>\u00a0Acc\u00e8s aux t\u00e9l\u00e9phones mobiles.<\/strong>\u00a0Nous pouvons demander acc\u00e8s \u00e0 certaines fonctionnalit\u00e9s de votre t\u00e9l\u00e9phone mobile, comme les contacts, l\u2019appareil photo, le microphone, l\u2019empreinte digitale, le service de messagerie SMS et d\u2019autres fonctionnalit\u00e9s de votre t\u00e9l\u00e9phone mobile. Si vous souhaitez changer les autorisations que vous nous octroyez, vous pouvez le faire directement dans les param\u00e8tres de votre smartphone.<\/p><p>\u25cf<strong>\u00a0Donn\u00e9es des t\u00e9l\u00e9phones mobiles.<\/strong>\u00a0Nous souhaitons vous informer que nous collectons des donn\u00e9es et des informations sur votre t\u00e9l\u00e9phone, appel\u00e9es donn\u00e9es de connexion. Ces donn\u00e9es peuvent inclure des informations telles que l\u2019adresse du protocole Internet (\u00ab\u00a0IP\u00a0\u00bb) de votre appareil, le nom de l\u2019appareil, la version du syst\u00e8me d\u2019exploitation, la configuration de l\u2019application lors de l\u2019utilisation de notre service, l\u2019heure et la date de votre utilisation du service et d\u2019autres statistiques.<\/p><p>\u25cf\u00a0<strong>Notifications push.<\/strong>\u00a0Nous pouvons vous demander de vous envoyer des notifications concernant votre compte KOREE ou certaines fonctionnalit\u00e9s de l\u2019application. Si vous souhaitez ne plus recevoir ce type de communications, vous pouvez modifier les autorisations dans les param\u00e8tres de votre t\u00e9l\u00e9phone.<\/p><p>\u25cf\u00a0<strong>Les cookies.<\/strong>\u00a0L\u2019application peut utiliser du code et des biblioth\u00e8ques de tiers qui utilisent des<br \/>\u00ab\u00a0cookies\u00a0\u00bb pour collecter des informations et am\u00e9liorer leurs services. Vous avez la possibilit\u00e9<br \/>d\u2019accepter ou de refuser ces cookies et de savoir quand un cookie est envoy\u00e9 \u00e0 votre appareil. Si vous choisissez de refuser nos cookies, il se peut que vous ne puissiez pas utiliser certaines parties de ce service. Ces donn\u00e9es sont principalement n\u00e9cessaires pour maintenir la s\u00e9curit\u00e9 et pour le bon fonctionnement de nos applications. Ces donn\u00e9es sont \u00e9galement recueillies pour le d\u00e9pannage et pour nos analyses internes ou \u00e0 des fins de rapports internes.<\/p><\/div><\/div><div class=\"elementor-element elementor-element-2f5e248 elementor-widget elementor-widget-heading\" data-id=\"2f5e248\" data-element_type=\"widget\" data-widget_type=\"heading.default\"><div class=\"elementor-widget-container\"><h4>DES DONN\u00c9ES PERSONNELLES SENSIBLES SONT-ELLES TRAIT\u00c9ES PAR KOREE?<\/h4><\/div><\/div><div class=\"elementor-element elementor-element-1d73b46 elementor-widget elementor-widget-text-editor\" data-id=\"1d73b46\" data-element_type=\"widget\" data-widget_type=\"text-editor.default\"><div class=\"elementor-widget-container\"><p>Nous ne traitons pas les donn\u00e9es personnelles sensibles .<\/p><\/div><\/div><div class=\"elementor-element elementor-element-ab17fe3 elementor-widget elementor-widget-heading\" data-id=\"ab17fe3\" data-element_type=\"widget\" data-widget_type=\"heading.default\"><div class=\"elementor-widget-container\"><h4>DES DONN\u00c9ES DE SERVICES TIERS SONT-ELLES RE\u00c7UES PAR KOREE?<\/h4><\/div><\/div><div class=\"elementor-element elementor-element-e608f8c elementor-widget elementor-widget-text-editor\" data-id=\"e608f8c\" data-element_type=\"widget\" data-widget_type=\"text-editor.default\"><div class=\"elementor-widget-container\"><p>Nous ne recevons pas toute information de services tiers.<\/p><\/div><\/div><div class=\"elementor-element elementor-element-29f8865 elementor-widget elementor-widget-heading\" data-id=\"29f8865\" data-element_type=\"widget\" data-widget_type=\"heading.default\"><div class=\"elementor-widget-container\"><h4>COMMENT KOREE TRAITE-ELLE MES DONN\u00c9ES PERSONNELLES?<\/h4><\/div><\/div><div class=\"elementor-element elementor-element-8de5fc6 elementor-widget elementor-widget-text-editor\" data-id=\"8de5fc6\" data-element_type=\"widget\" data-widget_type=\"text-editor.default\"><div class=\"elementor-widget-container\"><p>Nous traitons vos donn\u00e9es personnelles pour fournir, am\u00e9liorer et administrer nos Services. Nous utilisons \u00e9galement vos donn\u00e9es personnelles pour communiquer avec vous, pour ajouter une couche de s\u00e9curit\u00e9 \u00e0 nos services et pour nous pr\u00e9munir de toute fraude. Enfin nous utilisons vos donn\u00e9es personnelles pour nous conformer \u00e0 la loi. Cela dit, nous pouvons \u00e9galement traiter vos donn\u00e9es personnelles pour d\u2019autres fins et ce toujours avec votre consentement pr\u00e9alable. Nous traitons vos donn\u00e9es uniquement lorsque nous avons une raison l\u00e9gale de le faire. Nous appr\u00e9cions la confiance que vous nous accordez en nous fournissant vos donn\u00e9es personnelles donc nous nous effor\u00e7ons d\u2019utiliser des moyens commercialement acceptables pour prot\u00e9ger ces derni\u00e8res.<\/p><p>Nous traitons vos donn\u00e9es personnelles pour diverses raisons, notamment:<\/p><p>\u25cf Pour faciliter la cr\u00e9ation de compte et l\u2019authentification, pour g\u00e9rer les comptes utilisateurs. Nous pouvons traiter vos donn\u00e9es afin que vous puissiez cr\u00e9er votre compte et vous y connecter.<br \/>\u25cf Pour livrer et faciliter la fourniture de services \u00e0 l\u2019utilisateur. Nous pouvons traiter vos donn\u00e9es pour vous fournir tous les services demand\u00e9s.<br \/>\u25cf Pour sauvegarder ou prot\u00e9ger vos int\u00e9r\u00eats. Nous pouvons traiter vos donn\u00e9es lorsque n\u00e9cessaire pour sauvegarder ou prot\u00e9ger vos int\u00e9r\u00eats<\/p><\/div><\/div><div class=\"elementor-element elementor-element-a59154d elementor-widget elementor-widget-heading\" data-id=\"a59154d\" data-element_type=\"widget\" data-widget_type=\"heading.default\"><div class=\"elementor-widget-container\"><h4>DANS QUELLES SITUATIONS ET AVEC QUELLES ENTIT\u00c9S MES INFORMATIONS SONT-ELLES PARTAG\u00c9ES?<\/h4><\/div><\/div><div class=\"elementor-element elementor-element-c630426 elementor-widget elementor-widget-text-editor\" data-id=\"c630426\" data-element_type=\"widget\" data-widget_type=\"text-editor.default\"><div class=\"elementor-widget-container\"><p>Nous pouvons partager vos donn\u00e9es personnelles dans les cas suivants:<\/p><p>\u25cf\u00a0<strong>Transferts d\u2019entreprise:<\/strong>\u00a0Nous pourrions \u00eatre amen\u00e9s \u00e0 partager ou transf\u00e9rer vos donn\u00e9es personnelles en cas de n\u00e9gociations, de fusion, de vente d\u2019actifs de l\u2019entreprise, de financement ou d\u2019acquisition de tout ou d\u2019une partie de notre soci\u00e9t\u00e9 par une autre soci\u00e9t\u00e9. Les donn\u00e9es personnelles de nos clients seraient l\u2019un des actifs transf\u00e9rables ou acqu\u00e9rables par une soci\u00e9t\u00e9 tierce.<\/p><p>\u25cf\u00a0<strong>Affili\u00e9s:<\/strong>\u00a0Nous pouvons partager vos donn\u00e9es avec nos affili\u00e9s, auquel cas nous exigerons de nos affili\u00e9s qu\u2019ils respectent la pr\u00e9sente politique de confidentialit\u00e9. Sont consid\u00e9r\u00e9s comme \u201cAffili\u00e9s\u201d notre soci\u00e9t\u00e9 m\u00e8re et toute filiale, coentreprise partenaire ou tout autre entreprise que nous contr\u00f4lons ou dont nous partageons le contr\u00f4le.<\/p><p>\u25cf\u00a0<strong>Partenaires commerciaux:<\/strong>\u00a0Nous pouvons partager vos donn\u00e9es personnelles \u00e0 des soci\u00e9t\u00e9s ou des personnes tierces pour les raisons suivantes : \u2013 Pour faciliter notre service ; \u2013 Pour fournir le service en notre nom ; \u2013 Pour effectuer des services li\u00e9s au Service ; ou \u2013 Pour nous aider \u00e0 analyser la fa\u00e7on dont notre service est utilis\u00e9. Nous souhaitons informer les utilisateurs de ce service que ces partenaires commerciaux peuvent avoir acc\u00e8s \u00e0 vos informations personnelles. La raison en est l\u2019ex\u00e9cution des t\u00e2ches qui leur sont assign\u00e9es en notre nom. Toutefois, ils sont tenus de ne divulguer aucune information ni d\u2019utiliser ces informations \u00e0 d\u2019autres fins que celles que nous leur fournissons.<\/p><\/div><\/div><div class=\"elementor-element elementor-element-25a35c9 elementor-widget elementor-widget-heading\" data-id=\"25a35c9\" data-element_type=\"widget\" data-widget_type=\"heading.default\"><div class=\"elementor-widget-container\"><h4>COMMENT KOREE CONSERVE MES DONN\u00c9ES EN TOUTE S\u00c9CURIT\u00c9 ?<\/h4><\/div><\/div><div class=\"elementor-element elementor-element-e790d30 elementor-widget elementor-widget-text-editor\" data-id=\"e790d30\" data-element_type=\"widget\" data-widget_type=\"text-editor.default\"><div class=\"elementor-widget-container\"><p>Nous avons mis en place des proc\u00e9dures organisationnelles et techniques pour prot\u00e9ger vos donn\u00e9es personnelles. Cependant, n\u2019oubliez pas qu\u2019aucune m\u00e9thode de transmission sur Internet ou de stockage \u00e9lectronique n\u2019est s\u00fbre et fiable \u00e0 100% et que nous ne pouvons pas garantir une s\u00e9curit\u00e9 absolue.<\/p><\/div><\/div><div class=\"elementor-element elementor-element-0e71868 elementor-widget elementor-widget-heading\" data-id=\"0e71868\" data-element_type=\"widget\" data-widget_type=\"heading.default\"><div class=\"elementor-widget-container\"><h4>DES MODIFICATIONS DE LA PR\u00c9SENTE POLITIQUE DE CONFIDENTIALIT\u00c9 SONT-ELLES \u00c0 PR\u00c9VOIR?<\/h4><\/div><\/div><div class=\"elementor-element elementor-element-603e68c elementor-widget elementor-widget-text-editor\" data-id=\"603e68c\" data-element_type=\"widget\" data-widget_type=\"text-editor.default\"><div class=\"elementor-widget-container\"><p>Nous pouvons apporter des changements \u00e0 notre politique de confidentialit\u00e9 aussi souvent que<br \/>n\u00e9cessaire pour rester en conformit\u00e9 avec les lois applicables.<\/p><p>KOREE encourage les utilisateurs \u00e0 se renseigner fr\u00e9quemment pour toutes les modifications apport\u00e9es \u00e0 sa Politique de confidentialit\u00e9. Si nous apportons un changement significatif \u00e0 cette politique, nous vous en informerons en publiant la nouvelle politique de confidentialit\u00e9 sur cette page. Votre utilisation continue de nos sites et application apr\u00e8s tout changement dans notre politique de confidentialit\u00e9 constitue votre acceptation de tout changement. Cette politique est en vigueur depuis 2022.<\/p><\/div><\/div><div class=\"elementor-element elementor-element-4a1e4b4 elementor-widget elementor-widget-heading\" data-id=\"4a1e4b4\" data-element_type=\"widget\" data-widget_type=\"heading.default\"><div class=\"elementor-widget-container\"><h4>PENDANT COMBIEN DE TEMPS MES DONN\u00c9ES PERSONNELLES SONT-ELLES CONSERV\u00c9ES?<\/h4><\/div><\/div><div class=\"elementor-element elementor-element-707b2aa elementor-widget elementor-widget-text-editor\" data-id=\"707b2aa\" data-element_type=\"widget\" data-widget_type=\"text-editor.default\"><div class=\"elementor-widget-container\"><p>Nous ne conservons pas vos informations plus longtemps que n\u00e9cessaire pour mener \u00e0 bien cette politique de confidentialit\u00e9, sauf disposition contraire de la loi.<\/p><p>Nous ne conserverons vos informations personnelles qu\u2019aussi longtemps que n\u00e9cessaire aux fins \u00e9nonc\u00e9es dans la pr\u00e9sente politique de confidentialit\u00e9, \u00e0 moins qu\u2019une p\u00e9riode de conservation plus longue ne soit requise ou requise par la loi (telle que la fiscalit\u00e9, la comptabilit\u00e9 ou d\u2019autres exigences l\u00e9gales). Aucun objectif de cet avis ne nous obligera \u00e0 conserver vos informations personnelles plus de soixante (60) mois apr\u00e8s le d\u00e9but de la p\u00e9riode d\u2019inactivit\u00e9 du compte de l\u2019utilisateur.<\/p><p>Lorsque nous n\u2019avons aucun besoin commercial l\u00e9gitime de traiter vos informations personnelles, nous supprimerons ou anonymiserons ces informations, ou, si cela n\u2019est pas possible (par exemple, parce que vos informations personnelles ont \u00e9t\u00e9 stock\u00e9es dans des archives de sauvegarde), nous les stockerons et les isolerons de tout traitement ult\u00e9rieur jusqu\u2019\u00e0 ce que la suppression soit de nouveau possible.<\/p><\/div><\/div><div class=\"elementor-element elementor-element-ece2243 elementor-widget elementor-widget-text-editor\" data-id=\"ece2243\" data-element_type=\"widget\" data-widget_type=\"text-editor.default\"><div class=\"elementor-widget-container\">Nous contacter Si vous avez des questions ou des pr\u00e9occupations, merci de nous contacter \u00e0 l\u2019adresse suivante : contact@koree.africa.<\/div><\/div><\/div><\/div>\t\t\t\t\t\t\t\t<\/div>\n\t\t\t\t<\/div>\n\t\t\t\t\t<\/div>\n\t\t<\/div>\n\t\t\t\t\t<\/div>\n\t\t<\/section>\n\t\t\t\t<\/div>","protected":false},"excerpt":{"rendered":"<p>L\u2019application KOREE est un service est fourni par KOREE CAMEROUN SARL et est destin\u00e9 \u00e0 \u00eatre utilis\u00e9 tel quel. Cette page est utilis\u00e9e pour informer les visiteurs et les utilisateurs de nos politiques en mati\u00e8re de collecte, d\u2019utilisation et de divulgation des donn\u00e9es personnelles. En choisissant d\u2019utiliser notre service, vous acceptez la collecte, le stockage [&hellip;]<\/p>","protected":false},"author":2,"featured_media":0,"parent":0,"menu_order":0,"comment_status":"closed","ping_status":"closed","template":"","meta":{"inline_featured_image":false,"footnotes":""},"class_list":["post-242","page","type-page","status-publish","hentry"],"aioseo_notices":[],"_links":{"self":[{"href":"https:\/\/koree.africa\/en\/wp-json\/wp\/v2\/pages\/242","targetHints":{"allow":["GET"]}}],"collection":[{"href":"https:\/\/koree.africa\/en\/wp-json\/wp\/v2\/pages"}],"about":[{"href":"https:\/\/koree.africa\/en\/wp-json\/wp\/v2\/types\/page"}],"author":[{"embeddable":true,"href":"https:\/\/koree.africa\/en\/wp-json\/wp\/v2\/users\/2"}],"replies":[{"embeddable":true,"href":"https:\/\/koree.africa\/en\/wp-json\/wp\/v2\/comments?post=242"}],"version-history":[{"count":0,"href":"https:\/\/koree.africa\/en\/wp-json\/wp\/v2\/pages\/242\/revisions"}],"wp:attachment":[{"href":"https:\/\/koree.africa\/en\/wp-json\/wp\/v2\/media?parent=242"}],"curies":[{"name":"wp","href":"https:\/\/api.w.org\/{rel}","templated":true}]}}