{"id":207,"date":"2022-10-30T15:28:35","date_gmt":"2022-10-30T15:28:35","guid":{"rendered":"https:\/\/koree.africa\/?page_id=207"},"modified":"2022-10-30T15:28:35","modified_gmt":"2022-10-30T15:28:35","slug":"a-propos","status":"publish","type":"page","link":"https:\/\/koree.africa\/en\/a-propos\/","title":{"rendered":"About us"},"content":{"rendered":"<div data-elementor-type=\"wp-page\" data-elementor-id=\"207\" class=\"elementor elementor-207\" data-elementor-post-type=\"page\">\n\t\t\t\t\t\t<section data-particle_enable=\"false\" data-particle-mobile-disabled=\"false\" class=\"elementor-section elementor-top-section elementor-element elementor-element-5c79003 elementor-section-boxed elementor-section-height-default elementor-section-height-default\" data-id=\"5c79003\" data-element_type=\"section\">\n\t\t\t\t\t\t<div class=\"elementor-container elementor-column-gap-default\">\n\t\t\t\t\t<div class=\"elementor-column elementor-col-100 elementor-top-column elementor-element elementor-element-47efb6af\" data-id=\"47efb6af\" data-element_type=\"column\">\n\t\t\t<div class=\"elementor-widget-wrap elementor-element-populated\">\n\t\t\t\t\t\t<div class=\"elementor-element elementor-element-2de43ec1 animated-slow elementor-invisible elementor-widget elementor-widget-heading\" data-id=\"2de43ec1\" data-element_type=\"widget\" data-settings=\"{&quot;_animation&quot;:&quot;fadeInDown&quot;,&quot;_animation_delay&quot;:200}\" data-widget_type=\"heading.default\">\n\t\t\t\t<div class=\"elementor-widget-container\">\n\t\t\t\t\t<h1 class=\"elementor-heading-title elementor-size-default\">Who are we?<\/h1>\t\t\t\t<\/div>\n\t\t\t\t<\/div>\n\t\t\t\t<section data-particle_enable=\"false\" data-particle-mobile-disabled=\"false\" class=\"elementor-section elementor-inner-section elementor-element elementor-element-7fba50a elementor-section-boxed elementor-section-height-default elementor-section-height-default\" data-id=\"7fba50a\" data-element_type=\"section\">\n\t\t\t\t\t\t<div class=\"elementor-container elementor-column-gap-default\">\n\t\t\t\t\t<div class=\"elementor-column elementor-col-100 elementor-inner-column elementor-element elementor-element-6b58d9e\" data-id=\"6b58d9e\" data-element_type=\"column\">\n\t\t\t<div class=\"elementor-widget-wrap elementor-element-populated\">\n\t\t\t\t\t\t<div class=\"elementor-element elementor-element-5f74c8d animated-slow elementor-invisible elementor-widget elementor-widget-image\" data-id=\"5f74c8d\" data-element_type=\"widget\" data-settings=\"{&quot;_animation&quot;:&quot;fadeInRight&quot;,&quot;_animation_delay&quot;:200}\" data-widget_type=\"image.default\">\n\t\t\t\t<div class=\"elementor-widget-container\">\n\t\t\t\t\t\t\t\t\t\t\t\t\t\t\t<img fetchpriority=\"high\" decoding=\"async\" width=\"1080\" height=\"870\" src=\"https:\/\/koree.africa\/wp-content\/uploads\/2022\/11\/image-22.png\" class=\"attachment-full size-full wp-image-547\" alt=\"\" srcset=\"https:\/\/koree.africa\/wp-content\/uploads\/2022\/11\/image-22.png 1080w, https:\/\/koree.africa\/wp-content\/uploads\/2022\/11\/image-22-300x242.png 300w, https:\/\/koree.africa\/wp-content\/uploads\/2022\/11\/image-22-1024x825.png 1024w, https:\/\/koree.africa\/wp-content\/uploads\/2022\/11\/image-22-768x619.png 768w\" sizes=\"(max-width: 1080px) 100vw, 1080px\" \/>\t\t\t\t\t\t\t\t\t\t\t\t\t\t\t<\/div>\n\t\t\t\t<\/div>\n\t\t\t\t<div class=\"elementor-element elementor-element-b2fb515 animated-slow elementor-invisible elementor-widget elementor-widget-text-editor\" data-id=\"b2fb515\" data-element_type=\"widget\" data-settings=\"{&quot;_animation&quot;:&quot;fadeInUp&quot;,&quot;_animation_delay&quot;:200}\" data-widget_type=\"text-editor.default\">\n\t\t\t\t<div class=\"elementor-widget-container\">\n\t\t\t\t\t\t\t\t\t<h4><span style=\"color: #ffffff;\">Back to basics!<\/span><\/h4><p>Koree is pronounced \u201ccowrie\u201d. The cowrie, named \u201cMonetaria moneta\u201d or \u201cCypraea moneta\u201d is a\nspecies of shell from the Cypraeidae Specie (the \u201cporcelains\u201d). Cowries are well-known,\nespecially in Africa and the Indian Ocean, where they were the most widely-used shell money.<\/p><p>In the middle of the 19th century, cowries could even be exchanged for gold in Mali, in\nTimbuktu. That is why we gave our logo its golden color.<\/p><p>It is clear that the cowrie is a symbol of power and wealth. We go back to our roots by paying\nwith Koree in the 21st century!<\/p><p>L\u2019id\u00e9e de l&#8217;application Koree est n\u00e9e en 2018, lors d\u2019un passage en caisse dans une boulangerie\u2026 Face au manque de monnaie dans la caisse, \u00e0 l\u2019absence de carte de fid\u00e9lit\u00e9 physique ou d\u00e9mat\u00e9rialis\u00e9e et au d\u00e9sarroi de la caissi\u00e8re, il fallait agir!<\/p>\t\t\t\t\t\t\t\t<\/div>\n\t\t\t\t<\/div>\n\t\t\t\t\t<\/div>\n\t\t<\/div>\n\t\t\t\t\t<\/div>\n\t\t<\/section>\n\t\t\t\t<section data-particle_enable=\"false\" data-particle-mobile-disabled=\"false\" class=\"elementor-section elementor-inner-section elementor-element elementor-element-221dd1c elementor-section-boxed elementor-section-height-default elementor-section-height-default\" data-id=\"221dd1c\" data-element_type=\"section\">\n\t\t\t\t\t\t<div class=\"elementor-container elementor-column-gap-default\">\n\t\t\t\t\t<div class=\"elementor-column elementor-col-50 elementor-inner-column elementor-element elementor-element-b652fc3\" data-id=\"b652fc3\" data-element_type=\"column\">\n\t\t\t<div class=\"elementor-widget-wrap elementor-element-populated\">\n\t\t\t\t\t\t<div class=\"elementor-element elementor-element-e1cbc62 animated-slow elementor-invisible elementor-widget elementor-widget-text-editor\" data-id=\"e1cbc62\" data-element_type=\"widget\" data-settings=\"{&quot;_animation&quot;:&quot;fadeInLeft&quot;,&quot;_animation_delay&quot;:200}\" data-widget_type=\"text-editor.default\">\n\t\t\t\t<div class=\"elementor-widget-container\">\n\t\t\t\t\t\t\t\t\t<h4><span style=\"color: #ffffff;\">Our Mission<\/span><\/h4><p>We are building the 1-stop rewards application in French-speaking Africa! We created a simple,\nsecure, 100% digital and practical solution so that shoppers can enjoy the best offers and get\nincentives on their shopping.<\/p><p>Avec Koree il n&#8217;y a pas de hasard! <br \/>We win or we win!It is time we benefit from our hard-earned money, quickly!<\/p>\t\t\t\t\t\t\t\t<\/div>\n\t\t\t\t<\/div>\n\t\t\t\t\t<\/div>\n\t\t<\/div>\n\t\t\t\t<div class=\"elementor-column elementor-col-50 elementor-inner-column elementor-element elementor-element-2f643f4\" data-id=\"2f643f4\" data-element_type=\"column\">\n\t\t\t<div class=\"elementor-widget-wrap elementor-element-populated\">\n\t\t\t\t\t\t<div class=\"elementor-element elementor-element-c77e302 animated-slow elementor-invisible elementor-widget elementor-widget-text-editor\" data-id=\"c77e302\" data-element_type=\"widget\" data-settings=\"{&quot;_animation&quot;:&quot;fadeInRight&quot;,&quot;_animation_delay&quot;:200}\" data-widget_type=\"text-editor.default\">\n\t\t\t\t<div class=\"elementor-widget-container\">\n\t\t\t\t\t\t\t\t\t<h4><span style=\"color: #ffffff;\">Our Vision<\/span><\/h4><p>We often face a shortage of spare change when paying in stores and it makes our payment experience very frustrating.<\/p><p>At Koree, we are convinced that technology can solve the spare change shortage! <br \/>We are against small papers with handwritten figures, against candies given at checkout to\navoid giving us back our change. Koree is digitizing small change!<\/p>\t\t\t\t\t\t\t\t<\/div>\n\t\t\t\t<\/div>\n\t\t\t\t\t<\/div>\n\t\t<\/div>\n\t\t\t\t\t<\/div>\n\t\t<\/section>\n\t\t\t\t<div class=\"elementor-element elementor-element-35553a8 elementor-absolute elementor-hidden-tablet elementor-hidden-mobile elementor-widget elementor-widget-image\" data-id=\"35553a8\" data-element_type=\"widget\" data-settings=\"{&quot;_position&quot;:&quot;absolute&quot;}\" data-widget_type=\"image.default\">\n\t\t\t\t<div class=\"elementor-widget-container\">\n\t\t\t\t\t\t\t\t\t\t\t\t\t\t\t<img decoding=\"async\" width=\"1280\" height=\"1280\" src=\"https:\/\/koree.africa\/wp-content\/uploads\/2022\/12\/graddark.svg\" class=\"attachment-full size-full wp-image-1017\" alt=\"\" \/>\t\t\t\t\t\t\t\t\t\t\t\t\t\t\t<\/div>\n\t\t\t\t<\/div>\n\t\t\t\t<div class=\"elementor-element elementor-element-9b2dbc3 elementor-absolute elementor-hidden-tablet elementor-hidden-mobile elementor-widget elementor-widget-image\" data-id=\"9b2dbc3\" data-element_type=\"widget\" data-settings=\"{&quot;_position&quot;:&quot;absolute&quot;}\" data-widget_type=\"image.default\">\n\t\t\t\t<div class=\"elementor-widget-container\">\n\t\t\t\t\t\t\t\t\t\t\t\t\t\t\t<img decoding=\"async\" width=\"1280\" height=\"1280\" src=\"https:\/\/koree.africa\/wp-content\/uploads\/2022\/12\/gradlight.svg\" class=\"attachment-full size-full wp-image-1018\" alt=\"\" \/>\t\t\t\t\t\t\t\t\t\t\t\t\t\t\t<\/div>\n\t\t\t\t<\/div>\n\t\t\t\t\t<\/div>\n\t\t<\/div>\n\t\t\t\t\t<\/div>\n\t\t<\/section>\n\t\t\t\t<\/div>","protected":false},"excerpt":{"rendered":"<p>Qui sommes-nous ? Un peu d\u2019histoire ! \u201cKoree\u201d se prononce \u201ccauri\u201d. Le cauri de son nom \u201cMonetaria moneta\u201d ou \u201cCypraea moneta\u201d est une esp\u00e8ce de coquillage de la famille des Cypraeidae (les \u201cporcelaines\u201d). Tr\u00e8s connu, notamment en Afrique et dans l\u2019oc\u00e9an Indien, le cauri a longtemps \u00e9t\u00e9 utilis\u00e9 comme monnaie d\u2019\u00e9change dans ces r\u00e9gions. Au [&hellip;]<\/p>","protected":false},"author":2,"featured_media":0,"parent":0,"menu_order":0,"comment_status":"closed","ping_status":"closed","template":"","meta":{"inline_featured_image":false,"footnotes":""},"class_list":["post-207","page","type-page","status-publish","hentry"],"aioseo_notices":[],"_links":{"self":[{"href":"https:\/\/koree.africa\/en\/wp-json\/wp\/v2\/pages\/207","targetHints":{"allow":["GET"]}}],"collection":[{"href":"https:\/\/koree.africa\/en\/wp-json\/wp\/v2\/pages"}],"about":[{"href":"https:\/\/koree.africa\/en\/wp-json\/wp\/v2\/types\/page"}],"author":[{"embeddable":true,"href":"https:\/\/koree.africa\/en\/wp-json\/wp\/v2\/users\/2"}],"replies":[{"embeddable":true,"href":"https:\/\/koree.africa\/en\/wp-json\/wp\/v2\/comments?post=207"}],"version-history":[{"count":0,"href":"https:\/\/koree.africa\/en\/wp-json\/wp\/v2\/pages\/207\/revisions"}],"wp:attachment":[{"href":"https:\/\/koree.africa\/en\/wp-json\/wp\/v2\/media?parent=207"}],"curies":[{"name":"wp","href":"https:\/\/api.w.org\/{rel}","templated":true}]}}