{"id":183,"date":"2022-10-30T09:23:23","date_gmt":"2022-10-30T09:23:23","guid":{"rendered":"https:\/\/koree.africa\/?page_id=183"},"modified":"2022-10-30T09:23:23","modified_gmt":"2022-10-30T09:23:23","slug":"faq","status":"publish","type":"page","link":"https:\/\/koree.africa\/en\/faq\/","title":{"rendered":"FAQ"},"content":{"rendered":"<div data-elementor-type=\"wp-page\" data-elementor-id=\"183\" class=\"elementor elementor-183\" data-elementor-post-type=\"page\">\n\t\t\t\t\t\t<section data-particle_enable=\"false\" data-particle-mobile-disabled=\"false\" class=\"elementor-section elementor-top-section elementor-element elementor-element-5c79003 elementor-section-boxed elementor-section-height-default elementor-section-height-default\" data-id=\"5c79003\" data-element_type=\"section\">\n\t\t\t\t\t\t<div class=\"elementor-container elementor-column-gap-default\">\n\t\t\t\t\t<div class=\"elementor-column elementor-col-100 elementor-top-column elementor-element elementor-element-47efb6af\" data-id=\"47efb6af\" data-element_type=\"column\">\n\t\t\t<div class=\"elementor-widget-wrap elementor-element-populated\">\n\t\t\t\t\t\t<div class=\"elementor-element elementor-element-028ddc1 elementor-absolute elementor-hidden-tablet elementor-hidden-mobile elementor-widget elementor-widget-image\" data-id=\"028ddc1\" data-element_type=\"widget\" data-settings=\"{&quot;_position&quot;:&quot;absolute&quot;}\" data-widget_type=\"image.default\">\n\t\t\t\t<div class=\"elementor-widget-container\">\n\t\t\t\t\t\t\t\t\t\t\t\t\t\t\t<img fetchpriority=\"high\" decoding=\"async\" width=\"1280\" height=\"1280\" src=\"https:\/\/koree.africa\/wp-content\/uploads\/2022\/12\/gradlight.svg\" class=\"attachment-full size-full wp-image-1018\" alt=\"\" \/>\t\t\t\t\t\t\t\t\t\t\t\t\t\t\t<\/div>\n\t\t\t\t<\/div>\n\t\t\t\t<div class=\"elementor-element elementor-element-16c1933 elementor-absolute elementor-hidden-tablet elementor-hidden-mobile elementor-widget elementor-widget-image\" data-id=\"16c1933\" data-element_type=\"widget\" data-settings=\"{&quot;_position&quot;:&quot;absolute&quot;}\" data-widget_type=\"image.default\">\n\t\t\t\t<div class=\"elementor-widget-container\">\n\t\t\t\t\t\t\t\t\t\t\t\t\t\t\t<img decoding=\"async\" width=\"1280\" height=\"1280\" src=\"https:\/\/koree.africa\/wp-content\/uploads\/2022\/12\/graddark.svg\" class=\"attachment-full size-full wp-image-1017\" alt=\"\" \/>\t\t\t\t\t\t\t\t\t\t\t\t\t\t\t<\/div>\n\t\t\t\t<\/div>\n\t\t\t\t<div class=\"elementor-element elementor-element-2de43ec1 elementor-widget elementor-widget-heading\" data-id=\"2de43ec1\" data-element_type=\"widget\" data-widget_type=\"heading.default\">\n\t\t\t\t<div class=\"elementor-widget-container\">\n\t\t\t\t\t<h2 class=\"elementor-heading-title elementor-size-default\">Your Questions, Our Answers!<\/h2>\t\t\t\t<\/div>\n\t\t\t\t<\/div>\n\t\t\t\t<div class=\"elementor-element elementor-element-938011c elementor-widget elementor-widget-eael-adv-accordion\" data-id=\"938011c\" data-element_type=\"widget\" data-widget_type=\"eael-adv-accordion.default\">\n\t\t\t\t<div class=\"elementor-widget-container\">\n\t\t\t\t\t        <div class=\"eael-adv-accordion\" id=\"eael-adv-accordion-938011c\" data-scroll-on-click=\"no\" data-scroll-speed=\"300\" data-accordion-id=\"938011c\" data-accordion-type=\"accordion\" data-toogle-speed=\"300\">\n    <div class=\"eael-accordion-list\">\n                <div id=\"quels-sont-les-diffrents-modes-de-paiement-\" class=\"elementor-tab-title eael-accordion-header\" tabindex=\"0\" data-tab=\"1\" aria-controls=\"elementor-tab-content-1541\"><h5 class=\"eael-accordion-tab-title\">What are the different payment methods?<\/h5><span class=\"eael-advanced-accordion-icon-closed\"><i aria-hidden=\"true\" class=\"fa-accordion-icon fas fa-plus\"><\/i><\/span><span class=\"eael-advanced-accordion-icon-opened\"><i aria-hidden=\"true\" class=\"fa-accordion-icon fas fa-minus\"><\/i><\/span><\/div><div id=\"elementor-tab-content-1541\" class=\"eael-accordion-content clearfix\" data-tab=\"1\" aria-labelledby=\"quels-sont-les-diffrents-modes-de-paiement-\"><p>We offer several payment options for your convenience, including:<\/p><p>Visa \/ Mastercard<\/p><p>MTN Mobile Money<\/p><p>Orange Mobile Money<\/p><p>Koree Pay<\/p><\/div>\n                <\/div><div class=\"eael-accordion-list\">\n                <div id=\"quelles-sont-les-diffrentes-options-de-livraison-\" class=\"elementor-tab-title eael-accordion-header\" tabindex=\"0\" data-tab=\"2\" aria-controls=\"elementor-tab-content-1542\"><h5 class=\"eael-accordion-tab-title\">What are the different delivery options?<\/h5><span class=\"eael-advanced-accordion-icon-closed\"><i aria-hidden=\"true\" class=\"fa-accordion-icon fas fa-plus\"><\/i><\/span><span class=\"eael-advanced-accordion-icon-opened\"><i aria-hidden=\"true\" class=\"fa-accordion-icon fas fa-minus\"><\/i><\/span><\/div><div id=\"elementor-tab-content-1542\" class=\"eael-accordion-content clearfix\" data-tab=\"2\" aria-labelledby=\"quelles-sont-les-diffrentes-options-de-livraison-\"><p>We have two convenient delivery options:<\/p><p>Home or Office Delivery: Wherever you are, we deliver directly to your doorstep or workplace. Upon order confirmation, you'll receive comprehensive details regarding delivery and tracking of your package.<\/p><p>In-Store Pickup: Alternatively, you can choose to collect your order from one of our partner locations.<\/p><\/div>\n                <\/div><div class=\"eael-accordion-list\">\n                <div id=\"combien-cote-la-livraison-\" class=\"elementor-tab-title eael-accordion-header\" tabindex=\"0\" data-tab=\"3\" aria-controls=\"elementor-tab-content-1543\"><h5 class=\"eael-accordion-tab-title\">How much does delivery cost?<\/h5><span class=\"eael-advanced-accordion-icon-closed\"><i aria-hidden=\"true\" class=\"fa-accordion-icon fas fa-plus\"><\/i><\/span><span class=\"eael-advanced-accordion-icon-opened\"><i aria-hidden=\"true\" class=\"fa-accordion-icon fas fa-minus\"><\/i><\/span><\/div><div id=\"elementor-tab-content-1543\" class=\"eael-accordion-content clearfix\" data-tab=\"3\" aria-labelledby=\"combien-cote-la-livraison-\"><p>With us, the price depends on the distance. The closer it is, the cheaper it gets!<\/p><p>When you select delivery in the app, it automatically calculates the distance between where your package will be picked up and the delivery address. Then, it just shows you the total delivery price. It's simple and convenient!<\/p><\/div>\n                <\/div><div class=\"eael-accordion-list\">\n                <div id=\"puis-je-modifier-mon-adresse-aprs-avoir-pass-une-commande-\" class=\"elementor-tab-title eael-accordion-header\" tabindex=\"0\" data-tab=\"4\" aria-controls=\"elementor-tab-content-1544\"><h5 class=\"eael-accordion-tab-title\">Can I modify my address after placing an order?<\/h5><span class=\"eael-advanced-accordion-icon-closed\"><i aria-hidden=\"true\" class=\"fa-accordion-icon fas fa-plus\"><\/i><\/span><span class=\"eael-advanced-accordion-icon-opened\"><i aria-hidden=\"true\" class=\"fa-accordion-icon fas fa-minus\"><\/i><\/span><\/div><div id=\"elementor-tab-content-1544\" class=\"eael-accordion-content clearfix\" data-tab=\"4\" aria-labelledby=\"puis-je-modifier-mon-adresse-aprs-avoir-pass-une-commande-\"><p>Unfortunately, no. Modifying your address after placing an order can impact the overall delivery cost, so it's not possible once the order is confirmed.<\/p><\/div>\n                <\/div><div class=\"eael-accordion-list\">\n                <div id=\"puis-je-reporter-la-livraison-\" class=\"elementor-tab-title eael-accordion-header\" tabindex=\"0\" data-tab=\"5\" aria-controls=\"elementor-tab-content-1545\"><h5 class=\"eael-accordion-tab-title\">Can I reschedule delivery?<\/h5><span class=\"eael-advanced-accordion-icon-closed\"><i aria-hidden=\"true\" class=\"fa-accordion-icon fas fa-plus\"><\/i><\/span><span class=\"eael-advanced-accordion-icon-opened\"><i aria-hidden=\"true\" class=\"fa-accordion-icon fas fa-minus\"><\/i><\/span><\/div><div id=\"elementor-tab-content-1545\" class=\"eael-accordion-content clearfix\" data-tab=\"5\" aria-labelledby=\"puis-je-reporter-la-livraison-\"><p>Certainly! You can reschedule your delivery by accessing the delivery agent's contact details through our application.<\/p><\/div>\n                <\/div><div class=\"eael-accordion-list\">\n                <div id=\"quelquun-dautre-peut-il-rcuprer-ma-commande-pour-moi-\" class=\"elementor-tab-title eael-accordion-header\" tabindex=\"0\" data-tab=\"6\" aria-controls=\"elementor-tab-content-1546\"><h5 class=\"eael-accordion-tab-title\">Can someone else pick up my order for me?<\/h5><span class=\"eael-advanced-accordion-icon-closed\"><i aria-hidden=\"true\" class=\"fa-accordion-icon fas fa-plus\"><\/i><\/span><span class=\"eael-advanced-accordion-icon-opened\"><i aria-hidden=\"true\" class=\"fa-accordion-icon fas fa-minus\"><\/i><\/span><\/div><div id=\"elementor-tab-content-1546\" class=\"eael-accordion-content clearfix\" data-tab=\"6\" aria-labelledby=\"quelquun-dautre-peut-il-rcuprer-ma-commande-pour-moi-\"><p>Yes, they can! Simply provide the person with the reference number of your order.<\/p><\/div>\n                <\/div><div class=\"eael-accordion-list\">\n                <div id=\"comment-savoir-si-une-commande-a-t-valide-\" class=\"elementor-tab-title eael-accordion-header\" tabindex=\"0\" data-tab=\"7\" aria-controls=\"elementor-tab-content-1547\"><h5 class=\"eael-accordion-tab-title\">Comment savoir si une commande a \u00e9t\u00e9 valid\u00e9e ?<\/h5><span class=\"eael-advanced-accordion-icon-closed\"><i aria-hidden=\"true\" class=\"fa-accordion-icon fas fa-plus\"><\/i><\/span><span class=\"eael-advanced-accordion-icon-opened\"><i aria-hidden=\"true\" class=\"fa-accordion-icon fas fa-minus\"><\/i><\/span><\/div><div id=\"elementor-tab-content-1547\" class=\"eael-accordion-content clearfix\" data-tab=\"7\" aria-labelledby=\"comment-savoir-si-une-commande-a-t-valide-\"><p>Rest assured, you will receive a notification confirming the processing of your order. Additionally, you can always check the details of your command through our application for further clarity.\u00a0<\/p><\/div>\n                <\/div><div class=\"eael-accordion-list\">\n                <div id=\"comment-puis-je-annuler-une-commande-\" class=\"elementor-tab-title eael-accordion-header\" tabindex=\"0\" data-tab=\"8\" aria-controls=\"elementor-tab-content-1548\"><h5 class=\"eael-accordion-tab-title\">How can I cancel an order?<\/h5><span class=\"eael-advanced-accordion-icon-closed\"><i aria-hidden=\"true\" class=\"fa-accordion-icon fas fa-plus\"><\/i><\/span><span class=\"eael-advanced-accordion-icon-opened\"><i aria-hidden=\"true\" class=\"fa-accordion-icon fas fa-minus\"><\/i><\/span><\/div><div id=\"elementor-tab-content-1548\" class=\"eael-accordion-content clearfix\" data-tab=\"8\" aria-labelledby=\"comment-puis-je-annuler-une-commande-\"><p>Unfortunately, once an order has been paid for, it cannot be canceled. We apologize for any inconvenience.<\/p><\/div>\n                <\/div><div class=\"eael-accordion-list\">\n                <div id=\"puis-je-modifier-ma-commande-une-fois-quelle-est-passe-\" class=\"elementor-tab-title eael-accordion-header\" tabindex=\"0\" data-tab=\"9\" aria-controls=\"elementor-tab-content-1549\"><h5 class=\"eael-accordion-tab-title\">Can I modify my order after it's been placed?<\/h5><span class=\"eael-advanced-accordion-icon-closed\"><i aria-hidden=\"true\" class=\"fa-accordion-icon fas fa-plus\"><\/i><\/span><span class=\"eael-advanced-accordion-icon-opened\"><i aria-hidden=\"true\" class=\"fa-accordion-icon fas fa-minus\"><\/i><\/span><\/div><div id=\"elementor-tab-content-1549\" class=\"eael-accordion-content clearfix\" data-tab=\"9\" aria-labelledby=\"puis-je-modifier-ma-commande-une-fois-quelle-est-passe-\"><p>No, once an order is placed, it cannot be modified. Please ensure all details are accurate before confirming your order.<\/p><\/div>\n                <\/div><div class=\"eael-accordion-list\">\n                <div id=\"combien-de-temps-prendra-la-livraison-\" class=\"elementor-tab-title eael-accordion-header\" tabindex=\"0\" data-tab=\"10\" aria-controls=\"elementor-tab-content-15410\"><h5 class=\"eael-accordion-tab-title\">How long will delivery take?<\/h5><span class=\"eael-advanced-accordion-icon-closed\"><i aria-hidden=\"true\" class=\"fa-accordion-icon fas fa-plus\"><\/i><\/span><span class=\"eael-advanced-accordion-icon-opened\"><i aria-hidden=\"true\" class=\"fa-accordion-icon fas fa-minus\"><\/i><\/span><\/div><div id=\"elementor-tab-content-15410\" class=\"eael-accordion-content clearfix\" data-tab=\"10\" aria-labelledby=\"combien-de-temps-prendra-la-livraison-\"><p>The delivery time may vary depending on factors such as location and availability. You will receive an estimated delivery time upon order confirmation.<\/p><\/div>\n                <\/div><\/div>\t\t\t\t<\/div>\n\t\t\t\t<\/div>\n\t\t\t\t\t<\/div>\n\t\t<\/div>\n\t\t\t\t\t<\/div>\n\t\t<\/section>\n\t\t\t\t<\/div>","protected":false},"excerpt":{"rendered":"<p>Vos questions, nos r\u00e9ponses! Quels sont les diff\u00e9rents modes de paiement ? Nous mettons \u00e0 votre disposition plusieurs options de paiement pour votre confort, notamment : Visa \/ Mastercard MTN Mobile Money Orange Mobile Money Koree Pay Quelles sont les diff\u00e9rentes options de livraison ? Pour la livraison, nous avons deux options pratiques : Livraison [&hellip;]<\/p>","protected":false},"author":2,"featured_media":0,"parent":0,"menu_order":0,"comment_status":"closed","ping_status":"closed","template":"","meta":{"inline_featured_image":false,"footnotes":""},"class_list":["post-183","page","type-page","status-publish","hentry"],"aioseo_notices":[],"_links":{"self":[{"href":"https:\/\/koree.africa\/en\/wp-json\/wp\/v2\/pages\/183","targetHints":{"allow":["GET"]}}],"collection":[{"href":"https:\/\/koree.africa\/en\/wp-json\/wp\/v2\/pages"}],"about":[{"href":"https:\/\/koree.africa\/en\/wp-json\/wp\/v2\/types\/page"}],"author":[{"embeddable":true,"href":"https:\/\/koree.africa\/en\/wp-json\/wp\/v2\/users\/2"}],"replies":[{"embeddable":true,"href":"https:\/\/koree.africa\/en\/wp-json\/wp\/v2\/comments?post=183"}],"version-history":[{"count":0,"href":"https:\/\/koree.africa\/en\/wp-json\/wp\/v2\/pages\/183\/revisions"}],"wp:attachment":[{"href":"https:\/\/koree.africa\/en\/wp-json\/wp\/v2\/media?parent=183"}],"curies":[{"name":"wp","href":"https:\/\/api.w.org\/{rel}","templated":true}]}}