{"id":1291,"date":"2023-01-23T12:24:10","date_gmt":"2023-01-23T11:24:10","guid":{"rendered":"https:\/\/koree.africa\/?page_id=1291"},"modified":"2023-01-23T12:24:10","modified_gmt":"2023-01-23T11:24:10","slug":"carrieres","status":"publish","type":"page","link":"https:\/\/koree.africa\/en\/carrieres\/","title":{"rendered":"Careers"},"content":{"rendered":"<div data-elementor-type=\"wp-page\" data-elementor-id=\"1291\" class=\"elementor elementor-1291\" data-elementor-post-type=\"page\">\n\t\t\t\t\t\t<section data-particle_enable=\"false\" data-particle-mobile-disabled=\"false\" class=\"elementor-section elementor-top-section elementor-element elementor-element-5c79003 elementor-section-boxed elementor-section-height-default elementor-section-height-default\" data-id=\"5c79003\" data-element_type=\"section\">\n\t\t\t\t\t\t<div class=\"elementor-container elementor-column-gap-default\">\n\t\t\t\t\t<div class=\"elementor-column elementor-col-100 elementor-top-column elementor-element elementor-element-47efb6af\" data-id=\"47efb6af\" data-element_type=\"column\">\n\t\t\t<div class=\"elementor-widget-wrap elementor-element-populated\">\n\t\t\t\t\t\t<div class=\"elementor-element elementor-element-028ddc1 elementor-absolute elementor-hidden-tablet elementor-hidden-mobile elementor-widget elementor-widget-image\" data-id=\"028ddc1\" data-element_type=\"widget\" data-settings=\"{&quot;_position&quot;:&quot;absolute&quot;}\" data-widget_type=\"image.default\">\n\t\t\t\t<div class=\"elementor-widget-container\">\n\t\t\t\t\t\t\t\t\t\t\t\t\t\t\t<img fetchpriority=\"high\" decoding=\"async\" width=\"1280\" height=\"1280\" src=\"https:\/\/koree.africa\/wp-content\/uploads\/2022\/12\/gradlight.svg\" class=\"attachment-full size-full wp-image-1018\" alt=\"\" \/>\t\t\t\t\t\t\t\t\t\t\t\t\t\t\t<\/div>\n\t\t\t\t<\/div>\n\t\t\t\t<div class=\"elementor-element elementor-element-16c1933 elementor-absolute elementor-hidden-tablet elementor-hidden-mobile elementor-widget elementor-widget-image\" data-id=\"16c1933\" data-element_type=\"widget\" data-settings=\"{&quot;_position&quot;:&quot;absolute&quot;}\" data-widget_type=\"image.default\">\n\t\t\t\t<div class=\"elementor-widget-container\">\n\t\t\t\t\t\t\t\t\t\t\t\t\t\t\t<img decoding=\"async\" width=\"1280\" height=\"1280\" src=\"https:\/\/koree.africa\/wp-content\/uploads\/2022\/12\/graddark.svg\" class=\"attachment-full size-full wp-image-1017\" alt=\"\" \/>\t\t\t\t\t\t\t\t\t\t\t\t\t\t\t<\/div>\n\t\t\t\t<\/div>\n\t\t\t\t<div class=\"elementor-element elementor-element-2de43ec1 elementor-widget elementor-widget-heading\" data-id=\"2de43ec1\" data-element_type=\"widget\" data-widget_type=\"heading.default\">\n\t\t\t\t<div class=\"elementor-widget-container\">\n\t\t\t\t\t<h2 class=\"elementor-heading-title elementor-size-default\">Rejoinez notre \u00e9quipe!<\/h2>\t\t\t\t<\/div>\n\t\t\t\t<\/div>\n\t\t\t\t<div class=\"elementor-element elementor-element-938011c elementor-widget elementor-widget-eael-adv-accordion\" data-id=\"938011c\" data-element_type=\"widget\" data-widget_type=\"eael-adv-accordion.default\">\n\t\t\t\t<div class=\"elementor-widget-container\">\n\t\t\t\t\t        <div class=\"eael-adv-accordion\" id=\"eael-adv-accordion-938011c\" data-scroll-on-click=\"no\" data-scroll-speed=\"300\" data-accordion-id=\"938011c\" data-accordion-type=\"accordion\" data-toogle-speed=\"300\">\n    <div class=\"eael-accordion-list\">\n                <div id=\"business-developer-fh\" class=\"elementor-tab-title eael-accordion-header\" tabindex=\"0\" data-tab=\"1\" aria-controls=\"elementor-tab-content-1541\"><h5 class=\"eael-accordion-tab-title\">Business Developer F\/H<\/h5><span class=\"eael-advanced-accordion-icon-closed\"><i aria-hidden=\"true\" class=\"fa-accordion-icon fas fa-plus\"><\/i><\/span><span class=\"eael-advanced-accordion-icon-opened\"><i aria-hidden=\"true\" class=\"fa-accordion-icon fas fa-minus\"><\/i><\/span><\/div><div id=\"elementor-tab-content-1541\" class=\"eael-accordion-content clearfix\" data-tab=\"1\" aria-labelledby=\"business-developer-fh\"><p><span style=\"font-weight: 400;\">Pour accompagner notre croissance, nous recherchons un Business Development Manager H\/F.<\/span><\/p><p><b>Votre r\u00f4le<\/b><\/p><p><span style=\"font-weight: 400;\">Vous aurez pour missions principales la gestion des relations avec les clients et le d\u00e9veloppement de nouveaux leviers de croissance afin de permettre \u00e0 Koree d\u2019atteindre ses objectifs commerciaux.<\/span><\/p><p><span style=\"font-weight: 400;\">Au quotidien, vous aurez \u00e0 :<\/span><\/p><ul><li style=\"font-weight: 400;\" aria-level=\"1\"><span style=\"font-weight: 400;\">Animer et p\u00e9renniser les relations avec les clients existants<\/span><\/li><li style=\"font-weight: 400;\" aria-level=\"1\"><span style=\"font-weight: 400;\">Prospecter et signer de nouveaux contrats avec des clients de cat\u00e9gories diversifi\u00e9es<\/span><\/li><li style=\"font-weight: 400;\" aria-level=\"1\"><span style=\"font-weight: 400;\">N\u00e9gocier les termes des contrats et d\u00e9finir les offres<\/span><\/li><li style=\"font-weight: 400;\" aria-level=\"1\"><span style=\"font-weight: 400;\">Suivre, analyser les performances et la rentabilit\u00e9 sur chaque client<\/span><\/li><li style=\"font-weight: 400;\" aria-level=\"1\"><span style=\"font-weight: 400;\">Analyser les op\u00e9rations et les strat\u00e9gies commerciales pour identifier de nouveaux segments et nouvelles opportunit\u00e9s<\/span><\/li><li style=\"font-weight: 400;\" aria-level=\"1\"><span style=\"font-weight: 400;\">Evaluer et am\u00e9liorer les strat\u00e9gies de vente, et identifier de nouveaux clients<\/span><\/li><li style=\"font-weight: 400;\" aria-level=\"1\"><span style=\"font-weight: 400;\">Identifier les possibilit\u00e9s de r\u00e9ductions de co\u00fbts pour am\u00e9liorer les marges du business<\/span><\/li><li style=\"font-weight: 400;\" aria-level=\"1\"><span style=\"font-weight: 400;\">Analyser le comportement des consommateurs et proposer des pistes concr\u00e8tes pour am\u00e9liorer les services Koree<\/span><\/li><li style=\"font-weight: 400;\" aria-level=\"1\"><span style=\"font-weight: 400;\">Faire une veille commerciale afin d\u2019anticiper les nouvelles tendances de consommation<\/span><\/li><\/ul><p><b>Votre profil<\/b><\/p><ul><li style=\"list-style-type: none;\"><ul><li style=\"font-weight: 400;\" aria-level=\"1\"><span style=\"font-weight: 400;\">Vous disposez d\u2019un solide r\u00e9seau professionnel et avez la capacit\u00e9 de d\u00e9velopper et de maintenir de solides relations avec les clients<\/span><\/li><li style=\"font-weight: 400;\" aria-level=\"1\"><span style=\"font-weight: 400;\">Vous avez un excellent sens des affaires, et savez convertir les prospects en clients payeurs<\/span><\/li><li style=\"font-weight: 400;\" aria-level=\"1\"><span style=\"font-weight: 400;\">Vous \u00eates \u00e0 l\u2019aise pour pr\u00e9senter des propositions ou n\u00e9gocier des contrats\u00a0<\/span><\/li><li style=\"font-weight: 400;\" aria-level=\"1\"><span style=\"font-weight: 400;\">Vous \u00eates enthousiaste \u00e0 l\u2019\u00e9gard de la mission de Koree et \u00eates pr\u00eat \u00e0 faire ce qu\u2019il faut pour l\u2019accomplir<\/span><\/li><li style=\"font-weight: 400;\" aria-level=\"1\"><span style=\"font-weight: 400;\">Vous aimez le travail d\u2019\u00e9quipe, mais vous savez aussi travailler de fa\u00e7on autonome<\/span><\/li><li style=\"font-weight: 400;\" aria-level=\"1\"><span style=\"font-weight: 400;\">Vous avez fait preuve de t\u00e9nacit\u00e9 et \u00eates pr\u00eat \u00e0 aller jusqu\u2019au bout pour obtenir un r\u00e9sultat<\/span><\/li><\/ul><\/li><\/ul><ul><li aria-level=\"1\"><b>Vous \u00eates soucieux des d\u00e9tails et cherchez \u00e0 atteindre l\u2019excellence dans tout ce que vous faites<\/b><\/li><\/ul><p><b>Les avantages \u00e0 travailler chez Koree<\/b><\/p><ul><li style=\"font-weight: 400;\" aria-level=\"1\"><span style=\"font-weight: 400;\">Une ambiance de travail jeune et tr\u00e8s stimulante<\/span><\/li><li style=\"font-weight: 400;\" aria-level=\"1\"><span style=\"font-weight: 400;\">La valorisation de participer \u00e0 l\u2019\u00e9volution d\u2019une startup qui a pour ambition de se d\u00e9ployer rapidement dans toute l\u2019Afrique Francophone<\/span><\/li><li style=\"font-weight: 400;\" aria-level=\"1\"><span style=\"font-weight: 400;\">Un environnement de travail collaboratif, avec un esprit d\u2019\u00e9quipe pouss\u00e9<\/span><\/li><li style=\"font-weight: 400;\" aria-level=\"1\"><span style=\"font-weight: 400;\">Un salaire attractif<\/span><\/li><\/ul><p><b>Type de contrat<\/b><\/p><p><span style=\"font-weight: 400;\">Contrat \u00e0 Dur\u00e9e Ind\u00e9termin\u00e9e<\/span><\/p><p><b>Poste bas\u00e9 \u00e0 Douala<\/b><\/p><p><span style=\"font-weight: 400;\">Hybrid: Pr\u00e9sentiel au bureau \u00e0 Akwa et sur le terrain dans la ville de Douala<\/span><\/p><p><b>Date de d\u00e9but souhait\u00e9e<\/b><\/p><p><span style=\"font-weight: 400;\">Hier \ud83d\ude42<\/span><\/p><p>\u00a0<\/p><p><b>Pour postuler Merci d\u2019envoyer votre CV \u00e0 contact@koree.africa<\/b><\/p><\/div>\n                <\/div><\/div>\t\t\t\t<\/div>\n\t\t\t\t<\/div>\n\t\t\t\t\t<\/div>\n\t\t<\/div>\n\t\t\t\t\t<\/div>\n\t\t<\/section>\n\t\t\t\t<\/div>","protected":false},"excerpt":{"rendered":"<p>Rejoinez notre \u00e9quipe! Business Developer F\/H Pour accompagner notre croissance, nous recherchons un Business Development Manager H\/F. Votre r\u00f4le Vous aurez pour missions principales la gestion des relations avec les clients et le d\u00e9veloppement de nouveaux leviers de croissance afin de permettre \u00e0 Koree d\u2019atteindre ses objectifs commerciaux. Au quotidien, vous aurez \u00e0 : Animer [&hellip;]<\/p>","protected":false},"author":2,"featured_media":0,"parent":0,"menu_order":0,"comment_status":"closed","ping_status":"closed","template":"","meta":{"inline_featured_image":false,"footnotes":""},"class_list":["post-1291","page","type-page","status-publish","hentry"],"aioseo_notices":[],"_links":{"self":[{"href":"https:\/\/koree.africa\/en\/wp-json\/wp\/v2\/pages\/1291","targetHints":{"allow":["GET"]}}],"collection":[{"href":"https:\/\/koree.africa\/en\/wp-json\/wp\/v2\/pages"}],"about":[{"href":"https:\/\/koree.africa\/en\/wp-json\/wp\/v2\/types\/page"}],"author":[{"embeddable":true,"href":"https:\/\/koree.africa\/en\/wp-json\/wp\/v2\/users\/2"}],"replies":[{"embeddable":true,"href":"https:\/\/koree.africa\/en\/wp-json\/wp\/v2\/comments?post=1291"}],"version-history":[{"count":0,"href":"https:\/\/koree.africa\/en\/wp-json\/wp\/v2\/pages\/1291\/revisions"}],"wp:attachment":[{"href":"https:\/\/koree.africa\/en\/wp-json\/wp\/v2\/media?parent=1291"}],"curies":[{"name":"wp","href":"https:\/\/api.w.org\/{rel}","templated":true}]}}